{"id":6,"date":"2014-09-24T08:13:10","date_gmt":"2014-09-24T08:13:10","guid":{"rendered":"http:\/\/www.brandexponents.com\/oshin\/v2\/?page_id=6"},"modified":"2021-08-29T23:03:05","modified_gmt":"2021-08-29T21:03:05","slug":"home-gallery-gutter","status":"publish","type":"page","link":"https:\/\/weddings.foto-janke.de\/","title":{"rendered":"Home-v2"},"content":{"rendered":"<div  class=\"tatsu-gtycb3ldl58fzt6w tatsu-section    tatsu-clearfix\" data-title=\"\"  data-headerscheme=\"background--light\"><div class='tatsu-section-pad clearfix' data-padding='{\"d\":\"50px 0% 90px 0%\"}' data-padding-top='50px'><div class=\"tatsu-row-wrap  tatsu-wrap tatsu-row-one-col tatsu-row-has-one-cols tatsu-medium-gutter tatsu-reg-cols  tatsu-clearfix tatsu-gtycb3ldmy2dmucg\" ><div  class=\"tatsu-row \" ><div  class=\"tatsu-column  tatsu-column-no-bg tatsu-one-col tatsu-column-image-none tatsu-column-effect-none  tatsu-gtycb3ldpi4e672q\"  data-parallax-speed=\"0\" style=\"\"><div class=\"tatsu-column-inner \" ><div class=\"tatsu-column-pad-wrap\"><div class=\"tatsu-column-pad\" ><div  class=\"tatsu-module tatsu-text-block-wrap tatsu-gtycb3ldr363qdk4  \"><div class=\"tatsu-text-inner tatsu-align-center  clearfix\" ><style>.tatsu-gtycb3ldr363qdk4.tatsu-text-block-wrap .tatsu-text-inner{width: 100%;text-align: left;}<\/style>\n<h3>KERSTIN &#038; THOMAS<\/h3>\n<\/div><\/div><div  class=\"special-subtitle-wrap  tatsu-gtycb3lebr9aenyh  \"  ><div class=\"align-left\"><span class=\"special-subtitle\" >Eure Hochzeitsfotografen aus \u00d6sterreich und Deuschland.<\/span><\/div><style>.tatsu-gtycb3lebr9aenyh .special-subtitle{font-size: 19px;color: #af9f66 ;width: 100%;}.tatsu-gtycb3lebr9aenyh.special-subtitle-wrap{margin-bottom: 30px;}<\/style><\/div><div  class=\"tatsu-module tatsu-text-block-wrap tatsu-gtycb3lec764r3ml  \"><div class=\"tatsu-text-inner tatsu-align-center  clearfix\" ><style>.tatsu-gtycb3lec764r3ml.tatsu-text-block-wrap .tatsu-text-inner{width: 100%;text-align: left;}<\/style>\n<p>Am Hochzeitstag liegt etwas ganz Besonderes in der Luft. Und doch vergeht dieser Tag leider so unglaublich schnell. Unsere Aufgabe ist es daher, all die fr\u00f6hlichen Momente dieses unvergesslichen Tages f\u00fcr euch zu verewigen. Vom Ankleiden \u00fcber das \u201eJa, ich will&#8220; bis tief in die Nacht hinein, sind wir, immer gut gelaunt, stets an eurer Seite.<\/p>\n<p>Vier Augen sehen immer mehr als zwei &#8211; Als eingespieltes Team haben wir die M\u00f6glichkeit, all die unwiederbringbaren Momente mit euren Liebsten einzufangen und so f\u00fcr euch zu konservieren.<\/p>\n<p>Wir w\u00fcnschen euch viel Spa\u00df beim Durchschauen unseres <a href=\"https:\/\/weddings.foto-janke.de\/?page_id=2482\">Portfolios<\/a> und freuen uns darauf <a href=\"https:\/\/weddings.foto-janke.de\/?page_id=2799\">von euch zu h\u00f6ren!<\/a><\/p>\n<\/div><\/div><\/div><\/div><div class = \"tatsu-column-bg-image-wrap\"><div class = \"tatsu-column-bg-image\" ><\/div><\/div><\/div><style>.tatsu-row > .tatsu-gtycb3ldpi4e672q.tatsu-column{width: 100%;}.tatsu-gtycb3ldpi4e672q.tatsu-column > .tatsu-column-inner > .tatsu-column-overlay{mix-blend-mode: none;}.tatsu-gtycb3ldpi4e672q > .tatsu-column-inner > .tatsu-top-divider{z-index: 9999;}.tatsu-gtycb3ldpi4e672q > .tatsu-column-inner > .tatsu-bottom-divider{z-index: 9999;}.tatsu-gtycb3ldpi4e672q > .tatsu-column-inner > .tatsu-left-divider{z-index: 9999;}.tatsu-gtycb3ldpi4e672q > .tatsu-column-inner > .tatsu-right-divider{z-index: 9999;}<\/style><\/div><\/div><\/div><\/div><div class=\"tatsu-section-background-wrap\"><div class = \"tatsu-section-background\" ><\/div><\/div><style>.tatsu-gtycb3ldl58fzt6w{border-width: 0px 0px px 0px;border-style: solid;}.tatsu-gtycb3ldl58fzt6w .tatsu-section-pad{padding: 50px 0% 90px 0%;}.tatsu-gtycb3ldl58fzt6w > .tatsu-bottom-divider{z-index: 9999;}.tatsu-gtycb3ldl58fzt6w > .tatsu-top-divider{z-index: 9999;}<\/style><\/div>\n","protected":false},"excerpt":{"rendered":"<p><a href=\"https:\/\/weddings.foto-janke.de\/\" class=\"more-link style3-button\">Weiterlesen<\/a><\/p>","protected":false},"author":1,"featured_media":0,"parent":0,"menu_order":0,"comment_status":"open","ping_status":"closed","template":"gallery.php","meta":[],"_links":{"self":[{"href":"https:\/\/weddings.foto-janke.de\/index.php?rest_route=\/wp\/v2\/pages\/6"}],"collection":[{"href":"https:\/\/weddings.foto-janke.de\/index.php?rest_route=\/wp\/v2\/pages"}],"about":[{"href":"https:\/\/weddings.foto-janke.de\/index.php?rest_route=\/wp\/v2\/types\/page"}],"author":[{"embeddable":true,"href":"https:\/\/weddings.foto-janke.de\/index.php?rest_route=\/wp\/v2\/users\/1"}],"replies":[{"embeddable":true,"href":"https:\/\/weddings.foto-janke.de\/index.php?rest_route=%2Fwp%2Fv2%2Fcomments&post=6"}],"version-history":[{"count":17,"href":"https:\/\/weddings.foto-janke.de\/index.php?rest_route=\/wp\/v2\/pages\/6\/revisions"}],"predecessor-version":[{"id":4263,"href":"https:\/\/weddings.foto-janke.de\/index.php?rest_route=\/wp\/v2\/pages\/6\/revisions\/4263"}],"wp:attachment":[{"href":"https:\/\/weddings.foto-janke.de\/index.php?rest_route=%2Fwp%2Fv2%2Fmedia&parent=6"}],"curies":[{"name":"wp","href":"https:\/\/api.w.org\/{rel}","templated":true}]}}