{"id":2799,"date":"2014-11-05T09:24:00","date_gmt":"2014-11-05T09:24:00","guid":{"rendered":"http:\/\/www.brandexponents.com\/oshin\/v2\/?page_id=2799"},"modified":"2020-06-05T12:50:29","modified_gmt":"2020-06-05T10:50:29","slug":"contact-2","status":"publish","type":"page","link":"https:\/\/weddings.foto-janke.de\/?page_id=2799","title":{"rendered":"Contact-v2"},"content":{"rendered":"<div  class=\"tatsu-ic9r76d0xc31e5wo tatsu-section    tatsu-clearfix\" data-title=\"\"  data-headerscheme=\"background--light\"><div class='tatsu-section-pad clearfix' data-padding='40px 0% 90px 0%' data-padding-top='40px'><div class=\"tatsu-row-wrap  tatsu-wrap tatsu-row-one-col tatsu-row-has-one-cols tatsu-medium-gutter tatsu-reg-cols  tatsu-clearfix tatsu-ic9r76d2p198uz96\" ><div  class=\"tatsu-row \" ><div  class=\"tatsu-column  tatsu-column-no-bg tatsu-one-col tatsu-column-image- tatsu-column-effect-  tatsu-ic9r76d2vc6lo9v8\" data-animation=\"fadeIn\"   data-parallax-speed=\"0\" style=\"\"><div class=\"tatsu-column-inner \" ><div class=\"tatsu-column-pad-wrap\"><div class=\"tatsu-column-pad\" ><div  class=\"special-heading-wrap style1 oshine-module  tatsu-ic9r76d35gdcwxox  \" data-animation=\"fadeIn\"  ><div class=\"special-heading align-center\"><h4 class=\"special-h-tag\" >Wir freuen uns auf euch<\/h4><div class=\"sep-with-icon-wrap margin-bottom\"><span class=\"sep-with-icon\" ><\/span><i class=\"sep-icon font-icon oshine_diamond\"><\/i><span class=\"sep-with-icon\" ><\/span><\/div><\/div><style>.tatsu-ic9r76d35gdcwxox .sep-icon.oshine_diamond{background: #af9f66;}.tatsu-ic9r76d35gdcwxox .sep-with-icon{height: 2px;width: 20px;background: #dddddd;}<\/style><\/div><div  class=\"special-subtitle-wrap  tatsu-ic9r76d39m34b8ze   tatsu-animate \" data-animation=\"fadeIn\"   ><div class=\"align-center\"><span class=\"special-subtitle\" >So individuell alle Paare sind, so unterschiedlich sind auch die Vorstellungen von einem perfekten Tag. Wir lieben es zuzuh\u00f6ren und uns von euren ganz pers\u00f6nlichen Vorstellungen und W\u00fcnschen inspirieren zu lassen. Vor allem  freuen wir uns darauf gemeinsam mit euch viele tolle Bilder entstehen zu lassen!  Wir freuen uns darauf von euch zu h\u00f6ren! <\/span><\/div><style>.tatsu-ic9r76d39m34b8ze .special-subtitle{font-size: 17px;color: #af9f66 ;width: 100%;}.tatsu-ic9r76d39m34b8ze.special-subtitle-wrap{margin-bottom: 30px;}<\/style><\/div><\/div><\/div><div class = \"tatsu-column-bg-image-wrap\"><div class = \"tatsu-column-bg-image\" ><\/div><\/div><\/div><style>.tatsu-ic9r76d2vc6lo9v8.tatsu-column > .tatsu-column-inner > .tatsu-column-pad-wrap > .tatsu-column-pad{padding: 0px 0px 0px 0px;}.tatsu-ic9r76d2vc6lo9v8.tatsu-column > .tatsu-column-inner > .tatsu-column-overlay{mix-blend-mode: none;}.tatsu-ic9r76d2vc6lo9v8 > .tatsu-column-inner > .tatsu-top-divider{z-index: 9999;}.tatsu-ic9r76d2vc6lo9v8 > .tatsu-column-inner > .tatsu-bottom-divider{z-index: 9999;}.tatsu-ic9r76d2vc6lo9v8 > .tatsu-column-inner > .tatsu-left-divider{z-index: 9999;}.tatsu-ic9r76d2vc6lo9v8 > .tatsu-column-inner > .tatsu-right-divider{z-index: 9999;}.tatsu-ic9r76d2vc6lo9v8.tatsu-column{transform: translate3d(0px,0px, 0);}<\/style><\/div><\/div><\/div><\/div><div class=\"tatsu-section-background-wrap\"><div class = \"tatsu-section-background\" ><\/div><\/div><style>.tatsu-ic9r76d0xc31e5wo{border-width: 0px 0px px 0px;border-style: solid;}.tatsu-ic9r76d0xc31e5wo .tatsu-section-pad{padding: 40px 0% 90px 0%;}.tatsu-ic9r76d0xc31e5wo.tatsu-section{margin: 0px 0px 0px 0px;}.tatsu-ic9r76d0xc31e5wo > .tatsu-bottom-divider{z-index: 9999;}.tatsu-ic9r76d0xc31e5wo > .tatsu-top-divider{z-index: 9999;}@media only screen and (max-width:1377px) {.tatsu-ic9r76d0xc31e5wo{border-style: solid;}}@media only screen and (min-width:768px) and (max-width: 1024px) {.tatsu-ic9r76d0xc31e5wo{border-style: solid;}}@media only screen and (max-width: 767px) {.tatsu-ic9r76d0xc31e5wo{border-style: solid;}}<\/style><\/div><div  class=\"tatsu-ic9r76d3d4bey5vj tatsu-section    tatsu-clearfix\" data-title=\"\"  data-headerscheme=\"background--light\"><div class='tatsu-section-pad clearfix' data-padding='0px 0% 90px 0%' data-padding-top='0px'><div class=\"tatsu-row-wrap  tatsu-wrap tatsu-row-has-one-half tatsu-row-has-two-cols tatsu-medium-gutter tatsu-reg-cols  tatsu-clearfix tatsu-ic9r76d3n3gezejn\" ><div  class=\"tatsu-row \" ><div  class=\"tatsu-column  tatsu-column-no-bg tatsu-one-half tatsu-column-image- tatsu-column-effect-  tatsu-ic9r76d3t5arih9p\" data-animation=\"flipInX\"   data-parallax-speed=\"0\" style=\"\"><div class=\"tatsu-column-inner \" ><div class=\"tatsu-column-pad-wrap\"><div class=\"tatsu-column-pad\" ><div  class=\"tatsu-module tatsu-text-block-wrap tatsu-ic9r76d420fn47c6  \"><div class=\"tatsu-text-inner tatsu-align-center  clearfix\" data-animation=\"fadeIn\"  >\n<h6>TELEFON:<\/h6>\n<p>+43 699 19962693<br \/> +49 7191 950194<\/p>\n<h6>EMAIL:<\/h6>\n<p>info@foto-janke.de<\/p>\n<h6 style=\"text-align: left;\">ADRESSE \u00d6STERREICH:<\/h6>\n<p style=\"text-align: left;\">Janke H\u00f6lzl GesbR <br \/>Winkl 3, 5500 Bischofshofen, \u00d6sterreich<\/p>\n<h6>ADRESSE DEUTSCHLAND:<\/h6>\n<p>Foto Janke\u00a0<br \/>Uhlandstra\u00dfe 24, 71522 Backnang, Deutschland<\/p>\n<p style=\"text-align: left;\">\u00a0<\/p>\n<\/div><\/div><\/div><\/div><div class = \"tatsu-column-bg-image-wrap\"><div class = \"tatsu-column-bg-image\" ><\/div><\/div><\/div><style>.tatsu-ic9r76d3t5arih9p.tatsu-column > .tatsu-column-inner > .tatsu-column-pad-wrap > .tatsu-column-pad{padding: 0% 0% 0% 0%;}.tatsu-ic9r76d3t5arih9p.tatsu-column > .tatsu-column-inner > .tatsu-column-overlay{mix-blend-mode: none;}.tatsu-ic9r76d3t5arih9p > .tatsu-column-inner > .tatsu-top-divider{z-index: 9999;}.tatsu-ic9r76d3t5arih9p > .tatsu-column-inner > .tatsu-bottom-divider{z-index: 9999;}.tatsu-ic9r76d3t5arih9p > .tatsu-column-inner > .tatsu-left-divider{z-index: 9999;}.tatsu-ic9r76d3t5arih9p > .tatsu-column-inner > .tatsu-right-divider{z-index: 9999;}.tatsu-ic9r76d3t5arih9p.tatsu-column{transform: translate3d(0px,0px, 0);}<\/style><\/div><div  class=\"tatsu-column  tatsu-column-no-bg tatsu-one-half tatsu-column-image- tatsu-column-effect-  tatsu-ic9r76d44seirzrz\" data-animation=\"fadeIn\"   data-parallax-speed=\"0\" style=\"\"><div class=\"tatsu-column-inner \" ><div class=\"tatsu-column-pad-wrap\"><div class=\"tatsu-column-pad\" ><div  class=\"portfolio-all-wrap  oshine-gallery-module 0 tatsu-ic9r76d4e6c3jo04  \" ><div class=\"portfolio  full-screen  full-screen-gutter style2-gutter three-col \" style=\"margin-left: -40px;\"  data-action=\"get_be_gallery_with_pagination\"  data-paged=\"1\" data-enable-masonry=\"0\" data-aspect-ratio = \"1.6\" data-source='{\"source\":\"selected\",\"account_name\":\"themeforest\",\"count\":\"10\",\"col\":\"three\",\"masonry\":0}' data-gutter-width=\"40\" data-images-array=\"3612,3404,3834,3839,3469,3303\" data-col=\"three\" data-items-per-load=\"9\" data-hover-style=\"style1-hover\" data-image-grayscale=\"c_to_c\" data-lightbox-type=\"photoswipe\" data-image-source=\"selected\" data-image-effect=\"none\" data-thumb-overlay-color=\"\" data-grad-style-color=\"\" data-like-button=\"0\" data-hover-content=\"icon\" data-hover-content-color=\"#ffffff\" ><div class=\"portfolio-container clickable clearfix portfolio-shortcode be-photoswipe-gallery scale \"><div class=\"element be-hoverlay not-wide no-wide-width-height style1-hover c_to_c\" style=\"margin-bottom: 40px;\"><div class=\"element-inner\" style=\"margin-left: 40px;\"><a href=\"https:\/\/weddings.foto-janke.de\/wp-content\/uploads\/2017\/10\/hz-mix2017-trauung-2.jpg\" data-size=\"1000x667\" data-href=\"https:\/\/weddings.foto-janke.de\/wp-content\/uploads\/2017\/10\/hz-mix2017-trauung-2.jpg\" class=\"thumb-wrap\" title=\"\"><div class=\"flip-wrap\"><div  style = \"padding-bottom : 62.5%;;\" class=\"flip-img-wrap none-effect\"><img src=\"https:\/\/weddings.foto-janke.de\/wp-content\/uploads\/2017\/10\/hz-mix2017-trauung-2-650x406.jpg\" alt=\"\" data-attr=\"0\"\/><\/div><\/div><div class=\"thumb-overlay\"><div class=\"thumb-bg\" ><div class=\"thumb-title-wrap display-table-cell vertical-align-middle align-center fadeIn animated\"><div class=\"thumb-title\" style=\"color:#ffffff;\"><i class=\"portfolio-overlay-icon\"><\/i><\/div><\/div><\/div><\/div><\/a><div class=\"gallery-like like-button-wrap\"><a href=\"#\" class=\"custom-like-button no-liked\" data-post-id=\"3612\"><i class=\"font-icon icon-icon_heart\"><\/i><span>0<\/span><\/a><\/div><\/div><\/div><div class=\"element be-hoverlay not-wide no-wide-width-height style1-hover c_to_c\" style=\"margin-bottom: 40px;\"><div class=\"element-inner\" style=\"margin-left: 40px;\"><a href=\"https:\/\/weddings.foto-janke.de\/wp-content\/uploads\/2017\/10\/hz-mix2017-shooting-127.jpg\" data-size=\"1000x665\" data-href=\"https:\/\/weddings.foto-janke.de\/wp-content\/uploads\/2017\/10\/hz-mix2017-shooting-127.jpg\" class=\"thumb-wrap\" title=\"\"><div class=\"flip-wrap\"><div  style = \"padding-bottom : 62.5%;;\" class=\"flip-img-wrap none-effect\"><img src=\"https:\/\/weddings.foto-janke.de\/wp-content\/uploads\/2017\/10\/hz-mix2017-shooting-127-650x406.jpg\" alt=\"\" data-attr=\"0\"\/><\/div><\/div><div class=\"thumb-overlay\"><div class=\"thumb-bg\" ><div class=\"thumb-title-wrap display-table-cell vertical-align-middle align-center fadeIn animated\"><div class=\"thumb-title\" style=\"color:#ffffff;\"><i class=\"portfolio-overlay-icon\"><\/i><\/div><\/div><\/div><\/div><\/a><div class=\"gallery-like like-button-wrap\"><a href=\"#\" class=\"custom-like-button no-liked\" data-post-id=\"3404\"><i class=\"font-icon icon-icon_heart\"><\/i><span>0<\/span><\/a><\/div><\/div><\/div><div class=\"element be-hoverlay not-wide no-wide-width-height style1-hover c_to_c\" style=\"margin-bottom: 40px;\"><div class=\"element-inner\" style=\"margin-left: 40px;\"><a href=\"https:\/\/weddings.foto-janke.de\/wp-content\/uploads\/2017\/10\/KatrinBernd-Shooting-27.jpg\" data-size=\"5315x3543\" data-href=\"https:\/\/weddings.foto-janke.de\/wp-content\/uploads\/2017\/10\/KatrinBernd-Shooting-27.jpg\" class=\"thumb-wrap\" title=\"\"><div class=\"flip-wrap\"><div  style = \"padding-bottom : 62.5%;;\" class=\"flip-img-wrap none-effect\"><img src=\"https:\/\/weddings.foto-janke.de\/wp-content\/uploads\/2017\/10\/KatrinBernd-Shooting-27-650x406.jpg\" alt=\"\" data-attr=\"0\"\/><\/div><\/div><div class=\"thumb-overlay\"><div class=\"thumb-bg\" ><div class=\"thumb-title-wrap display-table-cell vertical-align-middle align-center fadeIn animated\"><div class=\"thumb-title\" style=\"color:#ffffff;\"><i class=\"portfolio-overlay-icon\"><\/i><\/div><\/div><\/div><\/div><\/a><div class=\"gallery-like like-button-wrap\"><a href=\"#\" class=\"custom-like-button no-liked\" data-post-id=\"3834\"><i class=\"font-icon icon-icon_heart\"><\/i><span>0<\/span><\/a><\/div><\/div><\/div><div class=\"element be-hoverlay not-wide no-wide-width-height style1-hover c_to_c\" style=\"margin-bottom: 40px;\"><div class=\"element-inner\" style=\"margin-left: 40px;\"><a href=\"https:\/\/weddings.foto-janke.de\/wp-content\/uploads\/2017\/10\/MartinaDaniel-Shooting-002.jpg\" data-size=\"5040x3360\" data-href=\"https:\/\/weddings.foto-janke.de\/wp-content\/uploads\/2017\/10\/MartinaDaniel-Shooting-002.jpg\" class=\"thumb-wrap\" title=\"\"><div class=\"flip-wrap\"><div  style = \"padding-bottom : 62.5%;;\" class=\"flip-img-wrap none-effect\"><img src=\"https:\/\/weddings.foto-janke.de\/wp-content\/uploads\/2017\/10\/MartinaDaniel-Shooting-002-650x406.jpg\" alt=\"\" data-attr=\"0\"\/><\/div><\/div><div class=\"thumb-overlay\"><div class=\"thumb-bg\" ><div class=\"thumb-title-wrap display-table-cell vertical-align-middle align-center fadeIn animated\"><div class=\"thumb-title\" style=\"color:#ffffff;\"><i class=\"portfolio-overlay-icon\"><\/i><\/div><\/div><\/div><\/div><\/a><div class=\"gallery-like like-button-wrap\"><a href=\"#\" class=\"custom-like-button no-liked\" data-post-id=\"3839\"><i class=\"font-icon icon-icon_heart\"><\/i><span>0<\/span><\/a><\/div><\/div><\/div><div class=\"element be-hoverlay not-wide no-wide-width-height style1-hover c_to_c\" style=\"margin-bottom: 40px;\"><div class=\"element-inner\" style=\"margin-left: 40px;\"><a href=\"https:\/\/weddings.foto-janke.de\/wp-content\/uploads\/2017\/10\/hz-mix2017-dertag-27.jpg\" data-size=\"1000x667\" data-href=\"https:\/\/weddings.foto-janke.de\/wp-content\/uploads\/2017\/10\/hz-mix2017-dertag-27.jpg\" class=\"thumb-wrap\" title=\"\"><div class=\"flip-wrap\"><div  style = \"padding-bottom : 62.5%;;\" class=\"flip-img-wrap none-effect\"><img src=\"https:\/\/weddings.foto-janke.de\/wp-content\/uploads\/2017\/10\/hz-mix2017-dertag-27-650x406.jpg\" alt=\"\" data-attr=\"0\"\/><\/div><\/div><div class=\"thumb-overlay\"><div class=\"thumb-bg\" ><div class=\"thumb-title-wrap display-table-cell vertical-align-middle align-center fadeIn animated\"><div class=\"thumb-title\" style=\"color:#ffffff;\"><i class=\"portfolio-overlay-icon\"><\/i><\/div><\/div><\/div><\/div><\/a><div class=\"gallery-like like-button-wrap\"><a href=\"#\" class=\"custom-like-button no-liked\" data-post-id=\"3469\"><i class=\"font-icon icon-icon_heart\"><\/i><span>0<\/span><\/a><\/div><\/div><\/div><div class=\"element be-hoverlay not-wide no-wide-width-height style1-hover c_to_c\" style=\"margin-bottom: 40px;\"><div class=\"element-inner\" style=\"margin-left: 40px;\"><a href=\"https:\/\/weddings.foto-janke.de\/wp-content\/uploads\/2017\/10\/hz-mix2017-shooting-24.jpg\" data-size=\"1000x666\" data-href=\"https:\/\/weddings.foto-janke.de\/wp-content\/uploads\/2017\/10\/hz-mix2017-shooting-24.jpg\" class=\"thumb-wrap\" title=\"\"><div class=\"flip-wrap\"><div  style = \"padding-bottom : 62.5%;;\" class=\"flip-img-wrap none-effect\"><img src=\"https:\/\/weddings.foto-janke.de\/wp-content\/uploads\/2017\/10\/hz-mix2017-shooting-24-650x406.jpg\" alt=\"\" data-attr=\"0\"\/><\/div><\/div><div class=\"thumb-overlay\"><div class=\"thumb-bg\" ><div class=\"thumb-title-wrap display-table-cell vertical-align-middle align-center fadeIn animated\"><div class=\"thumb-title\" style=\"color:#ffffff;\"><i class=\"portfolio-overlay-icon\"><\/i><\/div><\/div><\/div><\/div><\/a><div class=\"gallery-like like-button-wrap\"><a href=\"#\" class=\"custom-like-button no-liked\" data-post-id=\"3303\"><i class=\"font-icon icon-icon_heart\"><\/i><span>0<\/span><\/a><\/div><\/div><\/div><\/div><\/div><\/div><div  class=\"tatsu-module tatsu-call-to-action tatsu-clearfix  tatsu-animate tatsu-ic9r76dg4vcia1w0  \" data-animation=\"fadeIn\"  ><div class=\"tatsu-cta-inner\"><h5 class=\"tatsu-action-content\" >Hochzeitsfotograf gesucht?<\/h5><a class=\"mediumbtn tatsu-button rounded tatsu-action-button   \" href=\"mailto:info@foto-janke.de\" data-gdpr-atts={} ><span>Hier melden<\/span><\/a><style>.tatsu-ic9r76dg4vcia1w0.tatsu-call-to-action{background-color: #af9f66;}.tatsu-ic9r76dg4vcia1w0 .tatsu-action-content{color: #ffffff ;}.tatsu-ic9r76dg4vcia1w0 .tatsu-action-button:hover{background: #ffffff;border-color: #ffffff; }.tatsu-ic9r76dg4vcia1w0 .tatsu-action-button span{color: #ffffff ;}.tatsu-ic9r76dg4vcia1w0 .tatsu-action-button:hover span{color: #af9f66 ;}.tatsu-ic9r76dg4vcia1w0 .tatsu-action-button{border-width: 1px;border-color: #ffffff; }<\/style><\/div><\/div><\/div><\/div><div class = \"tatsu-column-bg-image-wrap\"><div class = \"tatsu-column-bg-image\" ><\/div><\/div><\/div><style>.tatsu-ic9r76d44seirzrz.tatsu-column > .tatsu-column-inner > .tatsu-column-pad-wrap > .tatsu-column-pad{padding: 0px 0px 0px 0px;}.tatsu-ic9r76d44seirzrz.tatsu-column > .tatsu-column-inner > .tatsu-column-overlay{mix-blend-mode: none;}.tatsu-ic9r76d44seirzrz > .tatsu-column-inner > .tatsu-top-divider{z-index: 9999;}.tatsu-ic9r76d44seirzrz > .tatsu-column-inner > .tatsu-bottom-divider{z-index: 9999;}.tatsu-ic9r76d44seirzrz > .tatsu-column-inner > .tatsu-left-divider{z-index: 9999;}.tatsu-ic9r76d44seirzrz > .tatsu-column-inner > .tatsu-right-divider{z-index: 9999;}.tatsu-ic9r76d44seirzrz.tatsu-column{transform: translate3d(0px,0px, 0);}<\/style><\/div><\/div><\/div><\/div><div class=\"tatsu-section-background-wrap\"><div class = \"tatsu-section-background\" ><\/div><\/div><style>.tatsu-ic9r76d3d4bey5vj{border-width: 0px 0px px 0px;border-style: solid;}.tatsu-ic9r76d3d4bey5vj .tatsu-section-pad{padding: 0px 0% 90px 0%;}.tatsu-ic9r76d3d4bey5vj.tatsu-section{margin: 0px 0px 0px 0px;}.tatsu-ic9r76d3d4bey5vj > .tatsu-bottom-divider{z-index: 9999;}.tatsu-ic9r76d3d4bey5vj > .tatsu-top-divider{z-index: 9999;}@media only screen and (max-width:1377px) {.tatsu-ic9r76d3d4bey5vj{border-style: solid;}}@media only screen and (min-width:768px) and (max-width: 1024px) {.tatsu-ic9r76d3d4bey5vj{border-style: solid;}}@media only screen and (max-width: 767px) {.tatsu-ic9r76d3d4bey5vj{border-style: solid;}}<\/style><\/div>\n","protected":false},"excerpt":{"rendered":"<p><a href=\"https:\/\/weddings.foto-janke.de\/?page_id=2799\" class=\"more-link style3-button\">Weiterlesen<\/a><\/p>","protected":false},"author":1,"featured_media":0,"parent":0,"menu_order":0,"comment_status":"open","ping_status":"closed","template":"","meta":[],"_links":{"self":[{"href":"https:\/\/weddings.foto-janke.de\/index.php?rest_route=\/wp\/v2\/pages\/2799"}],"collection":[{"href":"https:\/\/weddings.foto-janke.de\/index.php?rest_route=\/wp\/v2\/pages"}],"about":[{"href":"https:\/\/weddings.foto-janke.de\/index.php?rest_route=\/wp\/v2\/types\/page"}],"author":[{"embeddable":true,"href":"https:\/\/weddings.foto-janke.de\/index.php?rest_route=\/wp\/v2\/users\/1"}],"replies":[{"embeddable":true,"href":"https:\/\/weddings.foto-janke.de\/index.php?rest_route=%2Fwp%2Fv2%2Fcomments&post=2799"}],"version-history":[{"count":29,"href":"https:\/\/weddings.foto-janke.de\/index.php?rest_route=\/wp\/v2\/pages\/2799\/revisions"}],"predecessor-version":[{"id":4235,"href":"https:\/\/weddings.foto-janke.de\/index.php?rest_route=\/wp\/v2\/pages\/2799\/revisions\/4235"}],"wp:attachment":[{"href":"https:\/\/weddings.foto-janke.de\/index.php?rest_route=%2Fwp%2Fv2%2Fmedia&parent=2799"}],"curies":[{"name":"wp","href":"https:\/\/api.w.org\/{rel}","templated":true}]}}